{"id":6547,"date":"2025-05-21T20:22:40","date_gmt":"2025-05-21T20:22:40","guid":{"rendered":"https:\/\/elgolcamisetasdefutbol.com\/?post_type=product&#038;p=6547"},"modified":"2025-05-22T21:06:18","modified_gmt":"2025-05-22T21:06:18","slug":"sena-para-diseno-de-camiseta","status":"publish","type":"product","link":"https:\/\/elgolcamisetasdefutbol.com\/index.php\/producto\/sena-para-diseno-de-camiseta\/","title":{"rendered":"Se\u00f1a Para dise\u00f1o de camiseta"},"content":{"rendered":"<p data-start=\"296\" data-end=\"334\"><strong data-start=\"296\" data-end=\"334\">\u00a1Dise\u00f1amos tu camiseta desde cero!<\/strong><\/p>\n<hr data-start=\"336\" data-end=\"339\" \/>\n<h3 data-start=\"341\" data-end=\"371\">\ud83d\udcdd \u00bfQu\u00e9 incluye esta se\u00f1a?<\/h3>\n<p data-start=\"373\" data-end=\"587\">\u2705 Dise\u00f1amos una camiseta personalizada seg\u00fan tu idea<br data-start=\"425\" data-end=\"428\" \/>\u2705 Te mostramos el dise\u00f1o final antes de producir<br data-start=\"476\" data-end=\"479\" \/>\u2705 Pod\u00e9s pedir cambios hasta que est\u00e9s conforme<br data-start=\"525\" data-end=\"528\" \/>\u2705 La se\u00f1a se descuenta del total cuando confirm\u00e1s el pedido<\/p>\n<hr data-start=\"589\" data-end=\"592\" \/>\n<h3 data-start=\"594\" data-end=\"613\">\ud83d\udcac \u00bfC\u00f3mo sigue?<\/h3>\n<ol data-start=\"615\" data-end=\"873\">\n<li data-start=\"615\" data-end=\"647\">\n<p data-start=\"618\" data-end=\"647\">Abon\u00e1s esta se\u00f1a de $20.000<\/p>\n<\/li>\n<li data-start=\"648\" data-end=\"711\">\n<p data-start=\"651\" data-end=\"711\">Nos cont\u00e1s tu idea (colores, escudo, estilo o referencias)<\/p>\n<\/li>\n<li data-start=\"712\" data-end=\"773\">\n<p data-start=\"715\" data-end=\"773\">En 48\/72 hs habiles te enviamos el dise\u00f1o para que lo apruebes<\/p>\n<\/li>\n<li data-start=\"774\" data-end=\"819\">\n<p data-start=\"777\" data-end=\"819\">Si te gusta, avanzamos con la producci\u00f3n<\/p>\n<\/li>\n<li data-start=\"820\" data-end=\"873\">\n<p data-start=\"823\" data-end=\"873\">El monto abonado se descuenta del total del pedido<\/p>\n<\/li>\n<\/ol>\n<hr data-start=\"875\" data-end=\"878\" \/>\n<h3 data-start=\"880\" data-end=\"896\">\u2757Importante:<\/h3>\n<blockquote data-start=\"897\" data-end=\"990\">\n<p data-start=\"899\" data-end=\"990\">Si decid\u00eds no avanzar, pod\u00e9s usar el dise\u00f1o para otro pedido o conservarlo como referencia. (La se\u00f1a cubre los costos de servicio de dise\u00f1o no se realiza devolucion)<\/p>\n<\/blockquote>\n<p data-start=\"899\" data-end=\"990\">Una vez realizada la compra nos comunicamos por Whatsapp y definimos los detalles.<\/p>\n","protected":false},"excerpt":{"rendered":"<p>\u00a1Dise\u00f1amos tu camiseta desde cero! \ud83d\udcdd \u00bfQu\u00e9 incluye esta se\u00f1a? \u2705 Dise\u00f1amos una camiseta personalizada seg\u00fan tu idea\u2705 Te mostramos el dise\u00f1o final antes de producir\u2705 Pod\u00e9s pedir cambios hasta que est\u00e9s conforme\u2705 La se\u00f1a se descuenta del total cuando confirm\u00e1s el pedido \ud83d\udcac \u00bfC\u00f3mo sigue? Abon\u00e1s esta se\u00f1a de $20.000 Nos cont\u00e1s tu idea [&hellip;]<\/p>\n","protected":false},"featured_media":6548,"template":"","meta":{"_monsterinsights_skip_tracking":false,"_monsterinsights_sitenote_active":false,"_monsterinsights_sitenote_note":"","_monsterinsights_sitenote_category":0,"ocean_post_layout":"","ocean_both_sidebars_style":"","ocean_both_sidebars_content_width":0,"ocean_both_sidebars_sidebars_width":0,"ocean_sidebar":"","ocean_second_sidebar":"","ocean_disable_margins":"enable","ocean_add_body_class":"","ocean_shortcode_before_top_bar":"","ocean_shortcode_after_top_bar":"","ocean_shortcode_before_header":"","ocean_shortcode_after_header":"","ocean_has_shortcode":"","ocean_shortcode_after_title":"","ocean_shortcode_before_footer_widgets":"","ocean_shortcode_after_footer_widgets":"","ocean_shortcode_before_footer_bottom":"","ocean_shortcode_after_footer_bottom":"","ocean_display_top_bar":"default","ocean_display_header":"default","ocean_header_style":"","ocean_center_header_left_menu":"","ocean_custom_header_template":"","ocean_custom_logo":0,"ocean_custom_retina_logo":0,"ocean_custom_logo_max_width":0,"ocean_custom_logo_tablet_max_width":0,"ocean_custom_logo_mobile_max_width":0,"ocean_custom_logo_max_height":0,"ocean_custom_logo_tablet_max_height":0,"ocean_custom_logo_mobile_max_height":0,"ocean_header_custom_menu":"","ocean_menu_typo_font_family":"","ocean_menu_typo_font_subset":"","ocean_menu_typo_font_size":0,"ocean_menu_typo_font_size_tablet":0,"ocean_menu_typo_font_size_mobile":0,"ocean_menu_typo_font_size_unit":"px","ocean_menu_typo_font_weight":"","ocean_menu_typo_font_weight_tablet":"","ocean_menu_typo_font_weight_mobile":"","ocean_menu_typo_transform":"","ocean_menu_typo_transform_tablet":"","ocean_menu_typo_transform_mobile":"","ocean_menu_typo_line_height":0,"ocean_menu_typo_line_height_tablet":0,"ocean_menu_typo_line_height_mobile":0,"ocean_menu_typo_line_height_unit":"","ocean_menu_typo_spacing":0,"ocean_menu_typo_spacing_tablet":0,"ocean_menu_typo_spacing_mobile":0,"ocean_menu_typo_spacing_unit":"","ocean_menu_link_color":"","ocean_menu_link_color_hover":"","ocean_menu_link_color_active":"","ocean_menu_link_background":"","ocean_menu_link_hover_background":"","ocean_menu_link_active_background":"","ocean_menu_social_links_bg":"","ocean_menu_social_hover_links_bg":"","ocean_menu_social_links_color":"","ocean_menu_social_hover_links_color":"","ocean_disable_title":"default","ocean_disable_heading":"default","ocean_post_title":"","ocean_post_subheading":"","ocean_post_title_style":"","ocean_post_title_background_color":"","ocean_post_title_background":0,"ocean_post_title_bg_image_position":"","ocean_post_title_bg_image_attachment":"","ocean_post_title_bg_image_repeat":"","ocean_post_title_bg_image_size":"","ocean_post_title_height":0,"ocean_post_title_bg_overlay":0.5,"ocean_post_title_bg_overlay_color":"","ocean_disable_breadcrumbs":"default","ocean_breadcrumbs_color":"","ocean_breadcrumbs_separator_color":"","ocean_breadcrumbs_links_color":"","ocean_breadcrumbs_links_hover_color":"","ocean_display_footer_widgets":"default","ocean_display_footer_bottom":"default","ocean_custom_footer_template":"","_joinchat":[]},"product_brand":[],"product_cat":[15],"product_tag":[],"class_list":{"0":"post-6547","1":"product","2":"type-product","3":"status-publish","4":"has-post-thumbnail","6":"product_cat-sin-categorizar","8":"entry","9":"has-media","11":"first","12":"instock","13":"shipping-taxable","14":"purchasable","15":"product-type-simple","16":"has-product-nav","17":"col","18":"span_1_of_3","19":"owp-content-center","20":"owp-thumbs-layout-horizontal","21":"owp-btn-normal","22":"owp-tabs-layout-vertical"},"aioseo_notices":[],"_links":{"self":[{"href":"https:\/\/elgolcamisetasdefutbol.com\/index.php\/wp-json\/wp\/v2\/product\/6547","targetHints":{"allow":["GET"]}}],"collection":[{"href":"https:\/\/elgolcamisetasdefutbol.com\/index.php\/wp-json\/wp\/v2\/product"}],"about":[{"href":"https:\/\/elgolcamisetasdefutbol.com\/index.php\/wp-json\/wp\/v2\/types\/product"}],"version-history":[{"count":2,"href":"https:\/\/elgolcamisetasdefutbol.com\/index.php\/wp-json\/wp\/v2\/product\/6547\/revisions"}],"predecessor-version":[{"id":6573,"href":"https:\/\/elgolcamisetasdefutbol.com\/index.php\/wp-json\/wp\/v2\/product\/6547\/revisions\/6573"}],"wp:featuredmedia":[{"embeddable":true,"href":"https:\/\/elgolcamisetasdefutbol.com\/index.php\/wp-json\/wp\/v2\/media\/6548"}],"wp:attachment":[{"href":"https:\/\/elgolcamisetasdefutbol.com\/index.php\/wp-json\/wp\/v2\/media?parent=6547"}],"wp:term":[{"taxonomy":"product_brand","embeddable":true,"href":"https:\/\/elgolcamisetasdefutbol.com\/index.php\/wp-json\/wp\/v2\/product_brand?post=6547"},{"taxonomy":"product_cat","embeddable":true,"href":"https:\/\/elgolcamisetasdefutbol.com\/index.php\/wp-json\/wp\/v2\/product_cat?post=6547"},{"taxonomy":"product_tag","embeddable":true,"href":"https:\/\/elgolcamisetasdefutbol.com\/index.php\/wp-json\/wp\/v2\/product_tag?post=6547"}],"curies":[{"name":"wp","href":"https:\/\/api.w.org\/{rel}","templated":true}]}}