{"id":7881,"date":"2025-07-23T14:22:33","date_gmt":"2025-07-23T14:22:33","guid":{"rendered":"https:\/\/elgolcamisetasdefutbol.com\/?page_id=7881"},"modified":"2025-07-23T18:53:17","modified_gmt":"2025-07-23T18:53:17","slug":"faq","status":"publish","type":"page","link":"https:\/\/elgolcamisetasdefutbol.com\/index.php\/faq\/","title":{"rendered":"FAQ"},"content":{"rendered":"\t\t<div data-elementor-type=\"wp-page\" data-elementor-id=\"7881\" class=\"elementor elementor-7881\">\n\t\t\t\t\t\t<section class=\"elementor-section elementor-top-section elementor-element elementor-element-33be9bd6 elementor-section-boxed elementor-section-height-default elementor-section-height-default\" data-id=\"33be9bd6\" data-element_type=\"section\" data-settings=\"{&quot;background_background&quot;:&quot;classic&quot;}\">\n\t\t\t\t\t\t\t<div class=\"elementor-background-overlay\"><\/div>\n\t\t\t\t\t\t\t<div class=\"elementor-container elementor-column-gap-no\">\n\t\t\t\t\t<div class=\"elementor-column elementor-col-100 elementor-top-column elementor-element elementor-element-49e216eb\" data-id=\"49e216eb\" data-element_type=\"column\">\n\t\t\t<div class=\"elementor-widget-wrap elementor-element-populated\">\n\t\t\t\t\t\t<div class=\"elementor-element elementor-element-4543dd9 elementor-widget elementor-widget-heading\" data-id=\"4543dd9\" data-element_type=\"widget\" data-widget_type=\"heading.default\">\n\t\t\t\t<div class=\"elementor-widget-container\">\n\t\t\t\t\t<h2 class=\"elementor-heading-title elementor-size-default\">FAQ<\/h2>\t\t\t\t<\/div>\n\t\t\t\t<\/div>\n\t\t\t\t<div class=\"elementor-element elementor-element-4b81ead3 elementor-icon-list--layout-inline elementor-align-center elementor-list-item-link-full_width elementor-widget elementor-widget-icon-list\" data-id=\"4b81ead3\" data-element_type=\"widget\" data-widget_type=\"icon-list.default\">\n\t\t\t\t<div class=\"elementor-widget-container\">\n\t\t\t\t\t\t\t<ul class=\"elementor-icon-list-items elementor-inline-items\">\n\t\t\t\t\t\t\t<li class=\"elementor-icon-list-item elementor-inline-item\">\n\t\t\t\t\t\t\t\t\t\t<span class=\"elementor-icon-list-text\">Home<\/span>\n\t\t\t\t\t\t\t\t\t<\/li>\n\t\t\t\t\t\t\t\t<li class=\"elementor-icon-list-item elementor-inline-item\">\n\t\t\t\t\t\t\t\t\t\t\t<span class=\"elementor-icon-list-icon\">\n\t\t\t\t\t\t\t<i aria-hidden=\"true\" class=\"fas fa-chevron-right\"><\/i>\t\t\t\t\t\t<\/span>\n\t\t\t\t\t\t\t\t\t\t<span class=\"elementor-icon-list-text\">FAQ<\/span>\n\t\t\t\t\t\t\t\t\t<\/li>\n\t\t\t\t\t\t<\/ul>\n\t\t\t\t\t\t<\/div>\n\t\t\t\t<\/div>\n\t\t\t\t\t<\/div>\n\t\t<\/div>\n\t\t\t\t\t<\/div>\n\t\t<\/section>\n\t\t\t\t<section class=\"elementor-section elementor-top-section elementor-element elementor-element-563ebd48 elementor-reverse-mobile elementor-section-boxed elementor-section-height-default elementor-section-height-default\" data-id=\"563ebd48\" data-element_type=\"section\">\n\t\t\t\t\t\t<div class=\"elementor-container elementor-column-gap-no\">\n\t\t\t\t\t<div class=\"elementor-column elementor-col-100 elementor-top-column elementor-element elementor-element-1c962ff\" data-id=\"1c962ff\" data-element_type=\"column\">\n\t\t\t<div class=\"elementor-widget-wrap elementor-element-populated\">\n\t\t\t\t\t\t<div class=\"elementor-element elementor-element-b4e4a2f elementor-invisible elementor-widget elementor-widget-jkit_heading\" data-id=\"b4e4a2f\" data-element_type=\"widget\" data-settings=\"{&quot;_animation&quot;:&quot;fadeInRight&quot;,&quot;_animation_delay&quot;:200}\" data-widget_type=\"jkit_heading.default\">\n\t\t\t\t<div class=\"elementor-widget-container\">\n\t\t\t\t\t<div  class=\"jeg-elementor-kit jkit-heading  align-center align-tablet-center align-mobile-center jeg_module___69fdde43ca976\" ><div class=\"heading-section-title  display-inline-block\"><h2 class=\"heading-title\">Preguntas<span class=\"style-color\"><span>Frecuentes<\/span><\/span><\/h2><\/div><div class=\"heading-section-description\"><p>Si te quedaste con alguna duda, consultanos v\u00eda WhatsApp.<\/p><\/div><\/div>\t\t\t\t<\/div>\n\t\t\t\t<\/div>\n\t\t\t\t<section class=\"elementor-section elementor-inner-section elementor-element elementor-element-52961555 elementor-section-boxed elementor-section-height-default elementor-section-height-default\" data-id=\"52961555\" data-element_type=\"section\">\n\t\t\t\t\t\t<div class=\"elementor-container elementor-column-gap-no\">\n\t\t\t\t\t<div class=\"elementor-column elementor-col-50 elementor-inner-column elementor-element elementor-element-2ae7118c\" data-id=\"2ae7118c\" data-element_type=\"column\">\n\t\t\t<div class=\"elementor-widget-wrap elementor-element-populated\">\n\t\t\t\t\t\t<div class=\"elementor-element elementor-element-ff0aa74 elementor-invisible elementor-widget elementor-widget-jkit_accordion\" data-id=\"ff0aa74\" data-element_type=\"widget\" data-settings=\"{&quot;_animation&quot;:&quot;fadeInLeft&quot;,&quot;_animation_delay&quot;:200}\" data-widget_type=\"jkit_accordion.default\">\n\t\t\t\t<div class=\"elementor-widget-container\">\n\t\t\t\t\t<div  class=\"jeg-elementor-kit jkit-accordion style-default jeg_module__1_69fdde43cebe6\" ><div class=\"card-wrapper expand\">\n                <div class=\"card-header\">\n                    <a href=\"#expand-70660a1\" class=\"card-header-button\" aria-expanded=\"false\" data-target=\"#expand-70660a1\" aria-controls=\"expand-70660a1\">\n                        <span class=\"title\">\u00bfEs confiable comprar en Elgol?<\/span><div class=\"right-icon-group\">\n                <div class=\"normal-icon\"><i aria-hidden=\"true\" class=\"fas fa-chevron-down\"><\/i><\/div>\n                <div class=\"active-icon\"><i aria-hidden=\"true\" class=\"fas fa-chevron-up\"><\/i><\/div>\n            <\/div>\n                    <\/a>\n                <\/div>\n                <div class=\"card-expand\" id=\"expand-70660a1\" style=\"display:block\"><div class=\"card-body\"><p>\u00a1S\u00ed! Tenemos m\u00e1s de <strong data-start=\"300\" data-end=\"326\">10 a\u00f1os de experiencia<\/strong> en ventas online y un <strong data-start=\"349\" data-end=\"391\">local a la calle en el centro de Pilar<\/strong> (Belgrano 719, Bs. As.).<br data-start=\"416\" data-end=\"419\" \/>Somos <strong data-start=\"425\" data-end=\"452\">responsables inscriptos<\/strong>, emitimos <strong data-start=\"463\" data-end=\"480\">factura A y B<\/strong>, y ya <strong data-start=\"487\" data-end=\"513\">m\u00e1s de 10.000 clientes<\/strong> en todo el pa\u00eds confiaron en nosotros.<br data-start=\"552\" data-end=\"555\" \/>Pod\u00e9s ver nuestros trabajos en nuestras redes!<\/p><\/div><\/div>\n            <\/div><div class=\"card-wrapper \">\n                <div class=\"card-header\">\n                    <a href=\"#expand-73b945d\" class=\"card-header-button\" aria-expanded=\"false\" data-target=\"#expand-73b945d\" aria-controls=\"expand-73b945d\">\n                        <span class=\"title\">\ud83d\udccf \u00bfC\u00f3mo s\u00e9 si me va a quedar bien la prenda?<\/span><div class=\"right-icon-group\">\n                <div class=\"normal-icon\"><i aria-hidden=\"true\" class=\"fas fa-chevron-down\"><\/i><\/div>\n                <div class=\"active-icon\"><i aria-hidden=\"true\" class=\"fas fa-chevron-up\"><\/i><\/div>\n            <\/div>\n                    <\/a>\n                <\/div>\n                <div class=\"card-expand\" id=\"expand-73b945d\" style=\"display:none\"><div class=\"card-body\"><p>Cont\u00e1s con una <strong data-start=\"721\" data-end=\"750\">tabla de talles detallada<\/strong> para ayudarte a elegir la medida ideal y que la camiseta te quede perfecta.<\/p><\/div><\/div>\n            <\/div><div class=\"card-wrapper \">\n                <div class=\"card-header\">\n                    <a href=\"#expand-d18375a\" class=\"card-header-button\" aria-expanded=\"false\" data-target=\"#expand-d18375a\" aria-controls=\"expand-d18375a\">\n                        <span class=\"title\">\ud83d\udce6 \u00bfCu\u00e1les son las opciones de env\u00edo y tiempo de entrega?<\/span><div class=\"right-icon-group\">\n                <div class=\"normal-icon\"><i aria-hidden=\"true\" class=\"fas fa-chevron-down\"><\/i><\/div>\n                <div class=\"active-icon\"><i aria-hidden=\"true\" class=\"fas fa-chevron-up\"><\/i><\/div>\n            <\/div>\n                    <\/a>\n                <\/div>\n                <div class=\"card-expand\" id=\"expand-d18375a\" style=\"display:none\"><div class=\"card-body\"><p data-start=\"833\" data-end=\"1125\">Una vez hecho el pedido, lo despachamos por <strong data-start=\"941\" data-end=\"961\">Correo Argentino<\/strong> con un plazo de entrega de <strong data-start=\"989\" data-end=\"1007\">3 d\u00edas h\u00e1biles<\/strong>.<br data-start=\"1008\" data-end=\"1011\" \/>Tambi\u00e9n pod\u00e9s <strong data-start=\"1025\" data-end=\"1053\">retirar en nuestro local<\/strong> de Pilar:<br data-start=\"1063\" data-end=\"1066\" \/>\ud83d\udd59 Lunes a viernes de 10 a 19 hs<br data-start=\"1098\" data-end=\"1101\" \/>\ud83d\udd50 S\u00e1bados de 10 a 13 hs<\/p><\/div><\/div>\n            <\/div><\/div>\t\t\t\t<\/div>\n\t\t\t\t<\/div>\n\t\t\t\t\t<\/div>\n\t\t<\/div>\n\t\t\t\t<div class=\"elementor-column elementor-col-50 elementor-inner-column elementor-element elementor-element-13ec0892\" data-id=\"13ec0892\" data-element_type=\"column\">\n\t\t\t<div class=\"elementor-widget-wrap elementor-element-populated\">\n\t\t\t\t\t\t<div class=\"elementor-element elementor-element-655e5b28 elementor-invisible elementor-widget elementor-widget-jkit_accordion\" data-id=\"655e5b28\" data-element_type=\"widget\" data-settings=\"{&quot;_animation&quot;:&quot;fadeInRight&quot;,&quot;_animation_delay&quot;:200}\" data-widget_type=\"jkit_accordion.default\">\n\t\t\t\t<div class=\"elementor-widget-container\">\n\t\t\t\t\t<div  class=\"jeg-elementor-kit jkit-accordion style-default jeg_module__2_69fdde43cf8c8\" ><div class=\"card-wrapper expand\">\n                <div class=\"card-header\">\n                    <a href=\"#expand-73b945d\" class=\"card-header-button\" aria-expanded=\"false\" data-target=\"#expand-73b945d\" aria-controls=\"expand-73b945d\">\n                        <span class=\"title\">\ud83d\udccd \u00bfQu\u00e9 pasa si no recibo mi pedido?<\/span><div class=\"right-icon-group\">\n                <div class=\"normal-icon\"><i aria-hidden=\"true\" class=\"fas fa-chevron-down\"><\/i><\/div>\n                <div class=\"active-icon\"><i aria-hidden=\"true\" class=\"fas fa-chevron-up\"><\/i><\/div>\n            <\/div>\n                    <\/a>\n                <\/div>\n                <div class=\"card-expand\" id=\"expand-73b945d\" style=\"display:block\"><div class=\"card-body\"><p>Pod\u00e9s escribirnos por <strong data-start=\"1197\" data-end=\"1225\">WhatsApp al 11 3328 8504<\/strong>.<br data-start=\"1226\" data-end=\"1229\" \/>Record\u00e1 que te damos un <strong data-start=\"1253\" data-end=\"1278\">n\u00famero de seguimiento<\/strong> para ver en todo momento d\u00f3nde est\u00e1 tu paquete.<br data-start=\"1326\" data-end=\"1329\" \/>\u26a0\ufe0f En caso de que el correo no te encuentre, lo dejan en la <strong data-start=\"1389\" data-end=\"1413\">sucursal m\u00e1s cercana<\/strong> de Correo Argentino para que lo retires.<\/p><\/div><\/div>\n            <\/div><div class=\"card-wrapper \">\n                <div class=\"card-header\">\n                    <a href=\"#expand-70660a1\" class=\"card-header-button\" aria-expanded=\"false\" data-target=\"#expand-70660a1\" aria-controls=\"expand-70660a1\">\n                        <span class=\"title\">\ud83d\udd01 \u00bfPuedo cambiar la prenda si no me queda bien?<\/span><div class=\"right-icon-group\">\n                <div class=\"normal-icon\"><i aria-hidden=\"true\" class=\"fas fa-chevron-down\"><\/i><\/div>\n                <div class=\"active-icon\"><i aria-hidden=\"true\" class=\"fas fa-chevron-up\"><\/i><\/div>\n            <\/div>\n                    <\/a>\n                <\/div>\n                <div class=\"card-expand\" id=\"expand-70660a1\" style=\"display:none\"><div class=\"card-body\"><p>S\u00ed, se pueden cambiar por talle (sujeto a stock).<br data-start=\"1565\" data-end=\"1568\" \/>\ud83d\udccc No aplica para prendas <strong data-start=\"1594\" data-end=\"1612\">personalizadas<\/strong>.<br data-start=\"1613\" data-end=\"1616\" \/>Por eso, te recomendamos revisar bien la <strong data-start=\"1657\" data-end=\"1693\">tabla de talles antes de comprar<\/strong>.<\/p><\/div><\/div>\n            <\/div><div class=\"card-wrapper \">\n                <div class=\"card-header\">\n                    <a href=\"#expand-d18375a\" class=\"card-header-button\" aria-expanded=\"false\" data-target=\"#expand-d18375a\" aria-controls=\"expand-d18375a\">\n                        <span class=\"title\">\u2705 \u00bfLas prendas tienen garant\u00eda?<\/span><div class=\"right-icon-group\">\n                <div class=\"normal-icon\"><i aria-hidden=\"true\" class=\"fas fa-chevron-down\"><\/i><\/div>\n                <div class=\"active-icon\"><i aria-hidden=\"true\" class=\"fas fa-chevron-up\"><\/i><\/div>\n            <\/div>\n                    <\/a>\n                <\/div>\n                <div class=\"card-expand\" id=\"expand-d18375a\" style=\"display:none\"><div class=\"card-body\"><p>S\u00ed. Tienen <strong data-start=\"1750\" data-end=\"1795\">30 d\u00edas de garant\u00eda por fallas de f\u00e1brica<\/strong>.<br data-start=\"1796\" data-end=\"1799\" \/>No cubre da\u00f1os por uso (como enganches o roturas).<\/p><\/div><\/div>\n            <\/div><div class=\"card-wrapper \">\n                <div class=\"card-header\">\n                    <a href=\"#expand-10f45e9\" class=\"card-header-button\" aria-expanded=\"false\" data-target=\"#expand-10f45e9\" aria-controls=\"expand-10f45e9\">\n                        <span class=\"title\">\ud83d\udc8e \u00bfQu\u00e9 calidad tienen las camisetas?<\/span><div class=\"right-icon-group\">\n                <div class=\"normal-icon\"><i aria-hidden=\"true\" class=\"fas fa-chevron-down\"><\/i><\/div>\n                <div class=\"active-icon\"><i aria-hidden=\"true\" class=\"fas fa-chevron-up\"><\/i><\/div>\n            <\/div>\n                    <\/a>\n                <\/div>\n                <div class=\"card-expand\" id=\"expand-10f45e9\" style=\"display:none\"><div class=\"card-body\"><p>Trabajamos con tela <strong data-start=\"1920\" data-end=\"1976\">Set de Poli\u00e9ster 100% deportivo de excelente calidad<\/strong>.<br data-start=\"1977\" data-end=\"1980\" \/>\ud83d\udccc Refuerzos en hombros y cuello.<br data-start=\"2013\" data-end=\"2016\" \/>\ud83d\udccc Impresi\u00f3n digital directa en la tela: <strong data-start=\"2057\" data-end=\"2089\">no se despega ni se estropea<\/strong>.<br data-start=\"2090\" data-end=\"2093\" \/>\ud83d\udccc No se achican ni deforman gracias al <strong data-start=\"2133\" data-end=\"2149\">preplanchado<\/strong>.<br data-start=\"2150\" data-end=\"2153\" \/>\ud83d\udccc Colores firmes que <strong data-start=\"2175\" data-end=\"2199\">resisten los lavados<\/strong> manteni\u00e9ndose como nuevos.<\/p><\/div><\/div>\n            <\/div><\/div>\t\t\t\t<\/div>\n\t\t\t\t<\/div>\n\t\t\t\t\t<\/div>\n\t\t<\/div>\n\t\t\t\t\t<\/div>\n\t\t<\/section>\n\t\t\t\t\t<\/div>\n\t\t<\/div>\n\t\t\t\t\t<\/div>\n\t\t<\/section>\n\t\t\t\t<section class=\"elementor-section elementor-inner-section elementor-element elementor-element-5eb41f9e elementor-section-boxed elementor-section-height-default elementor-section-height-default\" data-id=\"5eb41f9e\" data-element_type=\"section\">\n\t\t\t\t\t\t<div class=\"elementor-container elementor-column-gap-no\">\n\t\t\t\t\t<div class=\"elementor-column elementor-col-100 elementor-inner-column elementor-element elementor-element-679c90f3\" data-id=\"679c90f3\" data-element_type=\"column\">\n\t\t\t<div class=\"elementor-widget-wrap elementor-element-populated\">\n\t\t\t\t\t\t<div class=\"elementor-element elementor-element-221441d3 elementor-invisible elementor-widget elementor-widget-jkit_accordion\" data-id=\"221441d3\" data-element_type=\"widget\" data-settings=\"{&quot;_animation&quot;:&quot;fadeInLeft&quot;,&quot;_animation_delay&quot;:200}\" data-widget_type=\"jkit_accordion.default\">\n\t\t\t\t<div class=\"elementor-widget-container\">\n\t\t\t\t\t<div  class=\"jeg-elementor-kit jkit-accordion style-default jeg_module__3_69fdde43d0984\" ><div class=\"card-wrapper expand\">\n                <div class=\"card-header\">\n                    <a href=\"#expand-70660a1\" class=\"card-header-button\" aria-expanded=\"false\" data-target=\"#expand-70660a1\" aria-controls=\"expand-70660a1\">\n                        <span class=\"title\">\u00bfQu\u00e9 necesito para hacer mi camiseta personalizada?<\/span><div class=\"right-icon-group\">\n                <div class=\"normal-icon\"><i aria-hidden=\"true\" class=\"fas fa-chevron-down\"><\/i><\/div>\n                <div class=\"active-icon\"><i aria-hidden=\"true\" class=\"fas fa-chevron-up\"><\/i><\/div>\n            <\/div>\n                    <\/a>\n                <\/div>\n                <div class=\"card-expand\" id=\"expand-70660a1\" style=\"display:block\"><div class=\"card-body\"><p>Solo necesit\u00e1s elegir un modelo, definir colores, escudo (puede ser propio o dise\u00f1ado por nosotros), nombre, n\u00famero y, si quer\u00e9s, agregar sponsor.<\/p><\/div><\/div>\n            <\/div><div class=\"card-wrapper \">\n                <div class=\"card-header\">\n                    <a href=\"#expand-73b945d\" class=\"card-header-button\" aria-expanded=\"false\" data-target=\"#expand-73b945d\" aria-controls=\"expand-73b945d\">\n                        <span class=\"title\">\u00bfC\u00f3mo encargo mi camiseta o conjunto?<\/span><div class=\"right-icon-group\">\n                <div class=\"normal-icon\"><i aria-hidden=\"true\" class=\"fas fa-chevron-down\"><\/i><\/div>\n                <div class=\"active-icon\"><i aria-hidden=\"true\" class=\"fas fa-chevron-up\"><\/i><\/div>\n            <\/div>\n                    <\/a>\n                <\/div>\n                <div class=\"card-expand\" id=\"expand-73b945d\" style=\"display:none\"><div class=\"card-body\"><p>Pod\u00e9s comunicarte por WhatsApp o Instagram. Te vamos a guiar paso a paso para definir el dise\u00f1o, la cantidad y enviarte un presupuesto.<\/p><\/div><\/div>\n            <\/div><div class=\"card-wrapper \">\n                <div class=\"card-header\">\n                    <a href=\"#expand-d18375a\" class=\"card-header-button\" aria-expanded=\"false\" data-target=\"#expand-d18375a\" aria-controls=\"expand-d18375a\">\n                        <span class=\"title\">\u00bfHacen env\u00edos a todo el pa\u00eds?<\/span><div class=\"right-icon-group\">\n                <div class=\"normal-icon\"><i aria-hidden=\"true\" class=\"fas fa-chevron-down\"><\/i><\/div>\n                <div class=\"active-icon\"><i aria-hidden=\"true\" class=\"fas fa-chevron-up\"><\/i><\/div>\n            <\/div>\n                    <\/a>\n                <\/div>\n                <div class=\"card-expand\" id=\"expand-d18375a\" style=\"display:none\"><div class=\"card-body\"><p>\u00a1S\u00ed! Realizamos env\u00edos a toda Argentina. Coordinamos el env\u00edo una vez que el dise\u00f1o est\u00e1 aprobado y la orden confirmada.<\/p><\/div><\/div>\n            <\/div><div class=\"card-wrapper \">\n                <div class=\"card-header\">\n                    <a href=\"#expand-ce7a47c\" class=\"card-header-button\" aria-expanded=\"false\" data-target=\"#expand-ce7a47c\" aria-controls=\"expand-ce7a47c\">\n                        <span class=\"title\">\u00bfPuedo dise\u00f1ar mi propio escudo o logo?<\/span><div class=\"right-icon-group\">\n                <div class=\"normal-icon\"><i aria-hidden=\"true\" class=\"fas fa-chevron-down\"><\/i><\/div>\n                <div class=\"active-icon\"><i aria-hidden=\"true\" class=\"fas fa-chevron-up\"><\/i><\/div>\n            <\/div>\n                    <\/a>\n                <\/div>\n                <div class=\"card-expand\" id=\"expand-ce7a47c\" style=\"display:none\"><div class=\"card-body\"><p>S\u00ed. Pod\u00e9s enviarnos tu dise\u00f1o o usar nuestras <strong data-start=\"884\" data-end=\"917\">plantillas gratuitas de Canva<\/strong> para crear tu propio escudo desde cero.<\/p><\/div><\/div>\n            <\/div><div class=\"card-wrapper \">\n                <div class=\"card-header\">\n                    <a href=\"#expand-2e9e79b\" class=\"card-header-button\" aria-expanded=\"false\" data-target=\"#expand-2e9e79b\" aria-controls=\"expand-2e9e79b\">\n                        <span class=\"title\">\u00bfQu\u00e9 materiales usan para las camisetas y camperas?<\/span><div class=\"right-icon-group\">\n                <div class=\"normal-icon\"><i aria-hidden=\"true\" class=\"fas fa-chevron-down\"><\/i><\/div>\n                <div class=\"active-icon\"><i aria-hidden=\"true\" class=\"fas fa-chevron-up\"><\/i><\/div>\n            <\/div>\n                    <\/a>\n                <\/div>\n                <div class=\"card-expand\" id=\"expand-2e9e79b\" style=\"display:none\"><div class=\"card-body\"><p>Nuestros productos est\u00e1n confeccionados con <strong data-start=\"1064\" data-end=\"1099\">tejido deportivo 100% poli\u00e9ster<\/strong>, de secado r\u00e1pido, livianos y resistentes.<\/p><\/div><\/div>\n            <\/div><div class=\"card-wrapper \">\n                <div class=\"card-header\">\n                    <a href=\"#expand-7dc30d3\" class=\"card-header-button\" aria-expanded=\"false\" data-target=\"#expand-7dc30d3\" aria-controls=\"expand-7dc30d3\">\n                        <span class=\"title\">\u00bfHay un m\u00ednimo de compra para hacer camisetas personalizadas?<\/span><div class=\"right-icon-group\">\n                <div class=\"normal-icon\"><i aria-hidden=\"true\" class=\"fas fa-chevron-down\"><\/i><\/div>\n                <div class=\"active-icon\"><i aria-hidden=\"true\" class=\"fas fa-chevron-up\"><\/i><\/div>\n            <\/div>\n                    <\/a>\n                <\/div>\n                <div class=\"card-expand\" id=\"expand-7dc30d3\" style=\"display:none\"><div class=\"card-body\"><p>Pod\u00e9s hacer desde una camiseta para vos, hasta juegos completos para equipos. \u00a1Consultanos sin compromiso!<\/p><\/div><\/div>\n            <\/div><\/div>\t\t\t\t<\/div>\n\t\t\t\t<\/div>\n\t\t\t\t\t<\/div>\n\t\t<\/div>\n\t\t\t\t\t<\/div>\n\t\t<\/section>\n\t\t\t\t<\/div>\n\t\t","protected":false},"excerpt":{"rendered":"<p>FAQ Home FAQ PreguntasFrecuentes Si te quedaste con alguna duda, consultanos v\u00eda WhatsApp. \u00bfEs confiable comprar en Elgol? \u00a1S\u00ed! Tenemos m\u00e1s de 10 a\u00f1os de experiencia en ventas online y un local a la calle en el centro de Pilar (Belgrano 719, Bs. As.).Somos responsables inscriptos, emitimos factura A y B, y ya m\u00e1s de [&hellip;]<\/p>\n","protected":false},"author":1,"featured_media":0,"parent":0,"menu_order":0,"comment_status":"closed","ping_status":"closed","template":"","meta":{"_monsterinsights_skip_tracking":false,"_monsterinsights_sitenote_active":false,"_monsterinsights_sitenote_note":"","_monsterinsights_sitenote_category":0,"ocean_post_layout":"","ocean_both_sidebars_style":"","ocean_both_sidebars_content_width":0,"ocean_both_sidebars_sidebars_width":0,"ocean_sidebar":"","ocean_second_sidebar":"","ocean_disable_margins":"enable","ocean_add_body_class":"","ocean_shortcode_before_top_bar":"","ocean_shortcode_after_top_bar":"","ocean_shortcode_before_header":"","ocean_shortcode_after_header":"","ocean_has_shortcode":"","ocean_shortcode_after_title":"","ocean_shortcode_before_footer_widgets":"","ocean_shortcode_after_footer_widgets":"","ocean_shortcode_before_footer_bottom":"","ocean_shortcode_after_footer_bottom":"","ocean_display_top_bar":"default","ocean_display_header":"default","ocean_header_style":"","ocean_center_header_left_menu":"","ocean_custom_header_template":"","ocean_custom_logo":0,"ocean_custom_retina_logo":0,"ocean_custom_logo_max_width":0,"ocean_custom_logo_tablet_max_width":0,"ocean_custom_logo_mobile_max_width":0,"ocean_custom_logo_max_height":0,"ocean_custom_logo_tablet_max_height":0,"ocean_custom_logo_mobile_max_height":0,"ocean_header_custom_menu":"","ocean_menu_typo_font_family":"","ocean_menu_typo_font_subset":"","ocean_menu_typo_font_size":0,"ocean_menu_typo_font_size_tablet":0,"ocean_menu_typo_font_size_mobile":0,"ocean_menu_typo_font_size_unit":"px","ocean_menu_typo_font_weight":"","ocean_menu_typo_font_weight_tablet":"","ocean_menu_typo_font_weight_mobile":"","ocean_menu_typo_transform":"","ocean_menu_typo_transform_tablet":"","ocean_menu_typo_transform_mobile":"","ocean_menu_typo_line_height":0,"ocean_menu_typo_line_height_tablet":0,"ocean_menu_typo_line_height_mobile":0,"ocean_menu_typo_line_height_unit":"","ocean_menu_typo_spacing":0,"ocean_menu_typo_spacing_tablet":0,"ocean_menu_typo_spacing_mobile":0,"ocean_menu_typo_spacing_unit":"","ocean_menu_link_color":"","ocean_menu_link_color_hover":"","ocean_menu_link_color_active":"","ocean_menu_link_background":"","ocean_menu_link_hover_background":"","ocean_menu_link_active_background":"","ocean_menu_social_links_bg":"","ocean_menu_social_hover_links_bg":"","ocean_menu_social_links_color":"","ocean_menu_social_hover_links_color":"","ocean_disable_title":"default","ocean_disable_heading":"default","ocean_post_title":"","ocean_post_subheading":"","ocean_post_title_style":"","ocean_post_title_background_color":"","ocean_post_title_background":0,"ocean_post_title_bg_image_position":"","ocean_post_title_bg_image_attachment":"","ocean_post_title_bg_image_repeat":"","ocean_post_title_bg_image_size":"","ocean_post_title_height":0,"ocean_post_title_bg_overlay":0.5,"ocean_post_title_bg_overlay_color":"","ocean_disable_breadcrumbs":"default","ocean_breadcrumbs_color":"","ocean_breadcrumbs_separator_color":"","ocean_breadcrumbs_links_color":"","ocean_breadcrumbs_links_hover_color":"","ocean_display_footer_widgets":"default","ocean_display_footer_bottom":"default","ocean_custom_footer_template":"","_joinchat":[],"footnotes":""},"class_list":["post-7881","page","type-page","status-publish","hentry","entry","owp-thumbs-layout-horizontal","owp-btn-normal","owp-tabs-layout-vertical","has-no-thumbnails","has-product-nav"],"aioseo_notices":[],"_links":{"self":[{"href":"https:\/\/elgolcamisetasdefutbol.com\/index.php\/wp-json\/wp\/v2\/pages\/7881","targetHints":{"allow":["GET"]}}],"collection":[{"href":"https:\/\/elgolcamisetasdefutbol.com\/index.php\/wp-json\/wp\/v2\/pages"}],"about":[{"href":"https:\/\/elgolcamisetasdefutbol.com\/index.php\/wp-json\/wp\/v2\/types\/page"}],"author":[{"embeddable":true,"href":"https:\/\/elgolcamisetasdefutbol.com\/index.php\/wp-json\/wp\/v2\/users\/1"}],"replies":[{"embeddable":true,"href":"https:\/\/elgolcamisetasdefutbol.com\/index.php\/wp-json\/wp\/v2\/comments?post=7881"}],"version-history":[{"count":17,"href":"https:\/\/elgolcamisetasdefutbol.com\/index.php\/wp-json\/wp\/v2\/pages\/7881\/revisions"}],"predecessor-version":[{"id":7955,"href":"https:\/\/elgolcamisetasdefutbol.com\/index.php\/wp-json\/wp\/v2\/pages\/7881\/revisions\/7955"}],"wp:attachment":[{"href":"https:\/\/elgolcamisetasdefutbol.com\/index.php\/wp-json\/wp\/v2\/media?parent=7881"}],"curies":[{"name":"wp","href":"https:\/\/api.w.org\/{rel}","templated":true}]}}